{"id":1255,"date":"2024-04-22T15:08:14","date_gmt":"2024-04-22T13:08:14","guid":{"rendered":"http:\/\/cocoingenieros.com\/aviso-legal\/"},"modified":"2024-04-24T12:08:56","modified_gmt":"2024-04-24T10:08:56","slug":"aviso-legal","status":"publish","type":"page","link":"https:\/\/cocoingenieros.com\/en\/aviso-legal\/","title":{"rendered":"Aviso Legal"},"content":{"rendered":"\n<p>Bienvenido a la p\u00e1gina web de Coco Building Engineering. Por favor, lea atentamente los siguientes t\u00e9rminos y condiciones antes de utilizar este sitio web. Al acceder y utilizar este sitio web, usted acepta estar sujeto a los t\u00e9rminos y condiciones que se detallan a continuaci\u00f3n. Si no est\u00e1 de acuerdo con estos t\u00e9rminos y condiciones, le recomendamos que no utilice este sitio web.<\/p>\n\n\n\n<ol class=\"wp-block-list\">\n<li>Propiedad Intelectual: Todos los derechos de propiedad intelectual de este sitio web y su contenido, incluyendo, pero no limitado a, textos, gr\u00e1ficos, logotipos, im\u00e1genes y software, son propiedad de Coco Building Engineering o de sus licenciantes y est\u00e1n protegidos por las leyes de propiedad intelectual aplicables.<\/li>\n\n\n\n<li>Uso Permitido: Usted est\u00e1 autorizado a utilizar este sitio web y su contenido \u00fanicamente con fines informativos y no comerciales. Queda prohibida cualquier reproducci\u00f3n, distribuci\u00f3n, modificaci\u00f3n o utilizaci\u00f3n de este sitio web o su contenido con fines distintos a los expresamente autorizados por Coco Building Engineering.<\/li>\n\n\n\n<li>Enlaces a Terceros: Este sitio web puede contener enlaces a sitios web de terceros. Estos enlaces se proporcionan \u00fanicamente para su conveniencia. Coco Building Engineering no controla ni es responsable del contenido de estos sitios web de terceros. La inclusi\u00f3n de enlaces a sitios web de terceros no implica necesariamente una asociaci\u00f3n, aprobaci\u00f3n o recomendaci\u00f3n por parte de Coco Building Engineering.<\/li>\n\n\n\n<li>Limitaci\u00f3n de Responsabilidad: Coco Building Engineering se esfuerza por garantizar la exactitud y actualizaci\u00f3n de la informaci\u00f3n proporcionada en este sitio web. Sin embargo, no ofrecemos garant\u00edas de ning\u00fan tipo con respecto a la precisi\u00f3n, integridad o idoneidad de la informaci\u00f3n contenida en este sitio web. En ning\u00fan caso Coco Building Engineering ser\u00e1 responsable de cualquier da\u00f1o directo, indirecto, incidental, especial, consecuente o punitivo derivado del acceso o uso de este sitio web.<\/li>\n\n\n\n<li>Modificaciones: Coco Building Engineering se reserva el derecho de modificar, suspender o interrumpir en cualquier momento y sin previo aviso el acceso a este sitio web o cualquier parte del mismo, as\u00ed como los t\u00e9rminos y condiciones de uso.<\/li>\n<\/ol>\n\n\n\n<p>Al utilizar este sitio web, usted acepta cumplir con estos t\u00e9rminos y condiciones. Si tiene alguna pregunta o inquietud sobre este aviso legal, no dude en ponerse en contacto con nosotros.<\/p>\n","protected":false},"excerpt":{"rendered":"<p>Bienvenido a la p\u00e1gina web de Coco Building Engineering. Por favor, lea atentamente los siguientes t\u00e9rminos y condiciones antes de utilizar este sitio web. Al acceder y utilizar este sitio web, usted acepta estar sujeto a los t\u00e9rminos y condiciones que se detallan a continuaci\u00f3n. Si no est\u00e1 de acuerdo con estos t\u00e9rminos y condiciones, [&hellip;]<\/p>\n","protected":false},"author":1,"featured_media":0,"parent":0,"menu_order":0,"comment_status":"closed","ping_status":"open","template":"","meta":{"_acf_changed":false,"footnotes":""},"class_list":["post-1255","page","type-page","status-publish","hentry"],"acf":[],"_links":{"self":[{"href":"https:\/\/cocoingenieros.com\/en\/wp-json\/wp\/v2\/pages\/1255","targetHints":{"allow":["GET"]}}],"collection":[{"href":"https:\/\/cocoingenieros.com\/en\/wp-json\/wp\/v2\/pages"}],"about":[{"href":"https:\/\/cocoingenieros.com\/en\/wp-json\/wp\/v2\/types\/page"}],"author":[{"embeddable":true,"href":"https:\/\/cocoingenieros.com\/en\/wp-json\/wp\/v2\/users\/1"}],"replies":[{"embeddable":true,"href":"https:\/\/cocoingenieros.com\/en\/wp-json\/wp\/v2\/comments?post=1255"}],"version-history":[{"count":1,"href":"https:\/\/cocoingenieros.com\/en\/wp-json\/wp\/v2\/pages\/1255\/revisions"}],"predecessor-version":[{"id":1262,"href":"https:\/\/cocoingenieros.com\/en\/wp-json\/wp\/v2\/pages\/1255\/revisions\/1262"}],"wp:attachment":[{"href":"https:\/\/cocoingenieros.com\/en\/wp-json\/wp\/v2\/media?parent=1255"}],"curies":[{"name":"wp","href":"https:\/\/api.w.org\/{rel}","templated":true}]}}