{"id":1251,"date":"2024-04-22T15:07:35","date_gmt":"2024-04-22T13:07:35","guid":{"rendered":"http:\/\/cocoingenieros.com\/politica-de-cookies\/"},"modified":"2024-04-24T12:12:56","modified_gmt":"2024-04-24T10:12:56","slug":"politica-de-cookies","status":"publish","type":"page","link":"https:\/\/cocoingenieros.com\/en\/politica-de-cookies\/","title":{"rendered":"Pol\u00edtica de cookies"},"content":{"rendered":"\n<p>Esta Pol\u00edtica de Cookies describe c\u00f3mo Coco Building Engineering utiliza cookies y tecnolog\u00edas similares cuando visita nuestro sitio web.<\/p>\n\n\n\n<ol class=\"wp-block-list\">\n<li>\u00bfQu\u00e9 son las cookies? Las cookies son peque\u00f1os archivos de texto que se almacenan en su dispositivo cuando visita un sitio web. Estos archivos contienen informaci\u00f3n que se utiliza para mejorar su experiencia de usuario y para proporcionar ciertas funcionalidades.<\/li>\n\n\n\n<li>\u00bfQu\u00e9 tipos de cookies utilizamos?\n<ul class=\"wp-block-list\">\n<li>Cookies esenciales: Son necesarias para el funcionamiento b\u00e1sico de nuestro sitio web y nos permiten ofrecerle los servicios que solicita.<\/li>\n\n\n\n<li>Cookies de rendimiento: Nos ayudan a entender c\u00f3mo interact\u00faa usted con nuestro sitio web, qu\u00e9 p\u00e1ginas visita y c\u00f3mo podemos mejorar su experiencia.<\/li>\n\n\n\n<li>Cookies de funcionalidad: Nos permiten recordar sus preferencias y personalizar su experiencia de usuario.<\/li>\n\n\n\n<li>Cookies de terceros: Algunas de nuestras p\u00e1ginas pueden incluir contenido de terceros, como v\u00eddeos de YouTube o botones de redes sociales, que pueden establecer sus propias cookies.<\/li>\n<\/ul>\n<\/li>\n\n\n\n<li>\u00bfC\u00f3mo puede gestionar las cookies? Puede gestionar las cookies en la configuraci\u00f3n de su navegador, permitiendo, bloqueando o eliminando las cookies seg\u00fan sus preferencias. Sin embargo, tenga en cuenta que la desactivaci\u00f3n de ciertas cookies puede afectar la funcionalidad de nuestro sitio web.<\/li>\n\n\n\n<li>\u00bfQu\u00e9 cookies utilizamos espec\u00edficamente?\n<ul class=\"wp-block-list\">\n<li>Cookies de Google Analytics: Utilizamos Google Analytics para recopilar informaci\u00f3n sobre c\u00f3mo interact\u00faa usted con nuestro sitio web. Estas cookies nos ayudan a entender c\u00f3mo se utilizan nuestras p\u00e1ginas y a mejorarlas en consecuencia.<\/li>\n\n\n\n<li>Cookies de redes sociales: En algunas de nuestras p\u00e1ginas puede encontrar botones de redes sociales que le permiten compartir contenido en plataformas como Facebook, Twitter o LinkedIn. Estos sitios pueden establecer sus propias cookies para proporcionarle funcionalidades adicionales.<\/li>\n<\/ul>\n<\/li>\n<\/ol>\n\n\n\n<p>Al utilizar nuestro sitio web, usted acepta el uso de cookies de acuerdo con esta Pol\u00edtica de Cookies. Nos reservamos el derecho de modificar esta pol\u00edtica en cualquier momento, por lo que le recomendamos que la revise peri\u00f3dicamente para estar al tanto de cualquier cambio. Si tiene alguna pregunta o inquietud sobre nuestra Pol\u00edtica de Cookies, no dude en ponerse en contacto con nosotros.<\/p>\n","protected":false},"excerpt":{"rendered":"<p>Esta Pol\u00edtica de Cookies describe c\u00f3mo Coco Building Engineering utiliza cookies y tecnolog\u00edas similares cuando visita nuestro sitio web. Al utilizar nuestro sitio web, usted acepta el uso de cookies de acuerdo con esta Pol\u00edtica de Cookies. Nos reservamos el derecho de modificar esta pol\u00edtica en cualquier momento, por lo que le recomendamos que la [&hellip;]<\/p>\n","protected":false},"author":1,"featured_media":0,"parent":0,"menu_order":0,"comment_status":"closed","ping_status":"open","template":"","meta":{"_acf_changed":false,"footnotes":""},"class_list":["post-1251","page","type-page","status-publish","hentry"],"acf":[],"_links":{"self":[{"href":"https:\/\/cocoingenieros.com\/en\/wp-json\/wp\/v2\/pages\/1251","targetHints":{"allow":["GET"]}}],"collection":[{"href":"https:\/\/cocoingenieros.com\/en\/wp-json\/wp\/v2\/pages"}],"about":[{"href":"https:\/\/cocoingenieros.com\/en\/wp-json\/wp\/v2\/types\/page"}],"author":[{"embeddable":true,"href":"https:\/\/cocoingenieros.com\/en\/wp-json\/wp\/v2\/users\/1"}],"replies":[{"embeddable":true,"href":"https:\/\/cocoingenieros.com\/en\/wp-json\/wp\/v2\/comments?post=1251"}],"version-history":[{"count":1,"href":"https:\/\/cocoingenieros.com\/en\/wp-json\/wp\/v2\/pages\/1251\/revisions"}],"predecessor-version":[{"id":1266,"href":"https:\/\/cocoingenieros.com\/en\/wp-json\/wp\/v2\/pages\/1251\/revisions\/1266"}],"wp:attachment":[{"href":"https:\/\/cocoingenieros.com\/en\/wp-json\/wp\/v2\/media?parent=1251"}],"curies":[{"name":"wp","href":"https:\/\/api.w.org\/{rel}","templated":true}]}}